{"id":8,"date":"2023-09-01T08:48:02","date_gmt":"2023-09-01T08:48:02","guid":{"rendered":"https:\/\/kbrenovsarl.ch\/?page_id=8"},"modified":"2023-09-14T17:52:10","modified_gmt":"2023-09-14T17:52:10","slug":"a-propos-de-nous","status":"publish","type":"page","link":"https:\/\/kbrenovsarl.ch\/index.php\/a-propos-de-nous\/","title":{"rendered":"\u00c0 propos de nous"},"content":{"rendered":"\t\t<div data-elementor-type=\"wp-page\" data-elementor-id=\"8\" class=\"elementor elementor-8\" data-elementor-post-type=\"page\">\n\t\t\t\t\t\t\t\t\t<section class=\"elementor-section elementor-top-section elementor-element elementor-element-031b538 elementor-section-boxed elementor-section-height-default elementor-section-height-default\" data-id=\"031b538\" data-element_type=\"section\" data-settings=\"{&quot;background_background&quot;:&quot;classic&quot;}\">\n\t\t\t\t\t\t\t<div class=\"elementor-background-overlay\"><\/div>\n\t\t\t\t\t\t\t<div class=\"elementor-container elementor-column-gap-default\">\n\t\t\t\t\t<div class=\"elementor-column elementor-col-100 elementor-top-column elementor-element elementor-element-8a25565\" data-id=\"8a25565\" data-element_type=\"column\">\n\t\t\t<div class=\"elementor-widget-wrap elementor-element-populated\">\n\t\t\t\t\t\t\t\t<div class=\"elementor-element elementor-element-7f1f5fe elementor-widget elementor-widget-heading\" data-id=\"7f1f5fe\" data-element_type=\"widget\" data-widget_type=\"heading.default\">\n\t\t\t\t<div class=\"elementor-widget-container\">\n\t\t\t<style>\/*! elementor - v3.15.0 - 20-08-2023 *\/\n.elementor-heading-title{padding:0;margin:0;line-height:1}.elementor-widget-heading .elementor-heading-title[class*=elementor-size-]>a{color:inherit;font-size:inherit;line-height:inherit}.elementor-widget-heading .elementor-heading-title.elementor-size-small{font-size:15px}.elementor-widget-heading .elementor-heading-title.elementor-size-medium{font-size:19px}.elementor-widget-heading .elementor-heading-title.elementor-size-large{font-size:29px}.elementor-widget-heading .elementor-heading-title.elementor-size-xl{font-size:39px}.elementor-widget-heading .elementor-heading-title.elementor-size-xxl{font-size:59px}<\/style><h2 class=\"elementor-heading-title elementor-size-default\">\u00c0 propos de nous<\/h2>\t\t<\/div>\n\t\t\t\t<\/div>\n\t\t\t\t<div class=\"elementor-element elementor-element-74e5e90 elementor-widget elementor-widget-text-editor\" data-id=\"74e5e90\" data-element_type=\"widget\" data-widget_type=\"text-editor.default\">\n\t\t\t\t<div class=\"elementor-widget-container\">\n\t\t\t<style>\/*! elementor - v3.15.0 - 20-08-2023 *\/\n.elementor-widget-text-editor.elementor-drop-cap-view-stacked .elementor-drop-cap{background-color:#69727d;color:#fff}.elementor-widget-text-editor.elementor-drop-cap-view-framed .elementor-drop-cap{color:#69727d;border:3px solid;background-color:transparent}.elementor-widget-text-editor:not(.elementor-drop-cap-view-default) .elementor-drop-cap{margin-top:8px}.elementor-widget-text-editor:not(.elementor-drop-cap-view-default) .elementor-drop-cap-letter{width:1em;height:1em}.elementor-widget-text-editor .elementor-drop-cap{float:left;text-align:center;line-height:1;font-size:50px}.elementor-widget-text-editor .elementor-drop-cap-letter{display:inline-block}<\/style>\t\t\t\t\t\t\t\t\t\t<\/div>\n\t\t\t\t<\/div>\n\t\t\t\t<div class=\"elementor-element elementor-element-30124c8 elementor-widget__width-auto elementor-widget elementor-widget-text-editor\" data-id=\"30124c8\" data-element_type=\"widget\" data-widget_type=\"text-editor.default\">\n\t\t\t\t<div class=\"elementor-widget-container\">\n\t\t\t\t\t\t\t<p>VOTRE SP\u00c9CIALISTE EN R\u00c9NOVATION DANS VOTRE REGION<\/p>\t\t\t\t\t\t<\/div>\n\t\t\t\t<\/div>\n\t\t\t\t<div class=\"elementor-element elementor-element-b6a0cfc elementor-widget__width-initial elementor-widget elementor-widget-image\" data-id=\"b6a0cfc\" data-element_type=\"widget\" data-widget_type=\"image.default\">\n\t\t\t\t<div class=\"elementor-widget-container\">\n\t\t\t<style>\/*! elementor - v3.15.0 - 20-08-2023 *\/\n.elementor-widget-image{text-align:center}.elementor-widget-image a{display:inline-block}.elementor-widget-image a img[src$=\".svg\"]{width:48px}.elementor-widget-image img{vertical-align:middle;display:inline-block}<\/style>\t\t\t\t\t\t\t\t\t\t\t\t<img loading=\"lazy\" decoding=\"async\" width=\"800\" height=\"443\" src=\"https:\/\/kbrenovsarl.ch\/wp-content\/uploads\/2023\/09\/Social-Media-Kit-02-1-1024x567.jpg\" class=\"attachment-large size-large wp-image-40\" alt=\"\" srcset=\"https:\/\/kbrenovsarl.ch\/wp-content\/uploads\/2023\/09\/Social-Media-Kit-02-1-1024x567.jpg 1024w, https:\/\/kbrenovsarl.ch\/wp-content\/uploads\/2023\/09\/Social-Media-Kit-02-1-300x166.jpg 300w, https:\/\/kbrenovsarl.ch\/wp-content\/uploads\/2023\/09\/Social-Media-Kit-02-1-768x425.jpg 768w, https:\/\/kbrenovsarl.ch\/wp-content\/uploads\/2023\/09\/Social-Media-Kit-02-1-1536x850.jpg 1536w, https:\/\/kbrenovsarl.ch\/wp-content\/uploads\/2023\/09\/Social-Media-Kit-02-1-2048x1134.jpg 2048w\" sizes=\"auto, (max-width: 800px) 100vw, 800px\" \/>\t\t\t\t\t\t\t\t\t\t\t\t\t\t\t<\/div>\n\t\t\t\t<\/div>\n\t\t\t\t\t<\/div>\n\t\t<\/div>\n\t\t\t\t\t\t\t<\/div>\n\t\t<\/section>\n\t\t\t\t<section class=\"elementor-section elementor-top-section elementor-element elementor-element-62615840 elementor-section-boxed elementor-section-height-default elementor-section-height-default\" data-id=\"62615840\" data-element_type=\"section\">\n\t\t\t\t\t\t<div class=\"elementor-container elementor-column-gap-default\">\n\t\t\t\t\t<div class=\"elementor-column elementor-col-50 elementor-top-column elementor-element elementor-element-4ce46367\" data-id=\"4ce46367\" data-element_type=\"column\">\n\t\t\t<div class=\"elementor-widget-wrap elementor-element-populated\">\n\t\t\t\t\t\t\t\t<div class=\"elementor-element elementor-element-a6f400e elementor-invisible elementor-widget elementor-widget-heading\" data-id=\"a6f400e\" data-element_type=\"widget\" data-settings=\"{&quot;_animation&quot;:&quot;slideInLeft&quot;}\" data-widget_type=\"heading.default\">\n\t\t\t\t<div class=\"elementor-widget-container\">\n\t\t\t<h2 class=\"elementor-heading-title elementor-size-default\">\u00c0 propos de KB RENOV\n<\/h2>\t\t<\/div>\n\t\t\t\t<\/div>\n\t\t\t\t\t<\/div>\n\t\t<\/div>\n\t\t\t\t<div class=\"elementor-column elementor-col-50 elementor-top-column elementor-element elementor-element-45880317\" data-id=\"45880317\" data-element_type=\"column\">\n\t\t\t<div class=\"elementor-widget-wrap elementor-element-populated\">\n\t\t\t\t\t\t\t\t<div class=\"elementor-element elementor-element-7c8208c1 elementor-widget elementor-widget-text-editor\" data-id=\"7c8208c1\" data-element_type=\"widget\" data-widget_type=\"text-editor.default\">\n\t\t\t\t<div class=\"elementor-widget-container\">\n\t\t\t\t\t\t\t<p>KB Renov , et une entreprise de r\u00e9novation maison, appartement et chalet Gagnez du temps et de l\u2019argent en faisant appel aux experts KB Renov Sarl , votre interlocuteur par excellence pour la r\u00e9novation de votre maison.<\/p><p>Depuis 2020, nous avons forg\u00e9 une r\u00e9putation en acier en tant qu\u2019entreprise de r\u00e9novation dans toute la Suisse Romande . Notre savoir-faire, notre exp\u00e9rience et la qualit\u00e9 in\u00e9gal\u00e9e de nos prestations nous ont permis de gagner la confiance de nos clients.<\/p>\t\t\t\t\t\t<\/div>\n\t\t\t\t<\/div>\n\t\t\t\t\t<\/div>\n\t\t<\/div>\n\t\t\t\t\t\t\t<\/div>\n\t\t<\/section>\n\t\t\t\t<section class=\"elementor-section elementor-top-section elementor-element elementor-element-32d884f elementor-section-boxed elementor-section-height-default elementor-section-height-default\" data-id=\"32d884f\" data-element_type=\"section\">\n\t\t\t\t\t\t<div class=\"elementor-container elementor-column-gap-default\">\n\t\t\t\t\t<div class=\"elementor-column elementor-col-100 elementor-top-column elementor-element elementor-element-3ccaaba\" data-id=\"3ccaaba\" data-element_type=\"column\">\n\t\t\t<div class=\"elementor-widget-wrap elementor-element-populated\">\n\t\t\t\t\t\t\t\t<div class=\"elementor-element elementor-element-75d49f1 elementor-invisible elementor-widget elementor-widget-heading\" data-id=\"75d49f1\" data-element_type=\"widget\" data-settings=\"{&quot;_animation&quot;:&quot;slideInLeft&quot;}\" data-widget_type=\"heading.default\">\n\t\t\t\t<div class=\"elementor-widget-container\">\n\t\t\t<h2 class=\"elementor-heading-title elementor-size-default\">Nos principes\n<\/h2>\t\t<\/div>\n\t\t\t\t<\/div>\n\t\t\t\t\t<\/div>\n\t\t<\/div>\n\t\t\t\t\t\t\t<\/div>\n\t\t<\/section>\n\t\t\t\t<section class=\"elementor-section elementor-top-section elementor-element elementor-element-8c4d75b elementor-section-boxed elementor-section-height-default elementor-section-height-default\" data-id=\"8c4d75b\" data-element_type=\"section\">\n\t\t\t\t\t\t<div class=\"elementor-container elementor-column-gap-default\">\n\t\t\t\t\t<div class=\"elementor-column elementor-col-33 elementor-top-column elementor-element elementor-element-4e128f19\" data-id=\"4e128f19\" data-element_type=\"column\" data-settings=\"{&quot;background_background&quot;:&quot;classic&quot;}\">\n\t\t\t<div class=\"elementor-widget-wrap elementor-element-populated\">\n\t\t\t\t\t\t\t\t<div class=\"elementor-element elementor-element-c067f33 elementor-widget elementor-widget-image\" data-id=\"c067f33\" data-element_type=\"widget\" data-widget_type=\"image.default\">\n\t\t\t\t<div class=\"elementor-widget-container\">\n\t\t\t\t\t\t\t\t\t\t\t\t\t\t\t<img loading=\"lazy\" decoding=\"async\" width=\"1280\" height=\"853\" src=\"https:\/\/kbrenovsarl.ch\/wp-content\/uploads\/2023\/09\/Ouest-Mobilier-chairs-2181960_1280-360.jpg\" class=\"attachment-full size-full wp-image-517\" alt=\"\" srcset=\"https:\/\/kbrenovsarl.ch\/wp-content\/uploads\/2023\/09\/Ouest-Mobilier-chairs-2181960_1280-360.jpg 1280w, https:\/\/kbrenovsarl.ch\/wp-content\/uploads\/2023\/09\/Ouest-Mobilier-chairs-2181960_1280-360-300x200.jpg 300w, https:\/\/kbrenovsarl.ch\/wp-content\/uploads\/2023\/09\/Ouest-Mobilier-chairs-2181960_1280-360-1024x682.jpg 1024w, https:\/\/kbrenovsarl.ch\/wp-content\/uploads\/2023\/09\/Ouest-Mobilier-chairs-2181960_1280-360-768x512.jpg 768w\" sizes=\"auto, (max-width: 1280px) 100vw, 1280px\" \/>\t\t\t\t\t\t\t\t\t\t\t\t\t\t\t<\/div>\n\t\t\t\t<\/div>\n\t\t\t\t<div class=\"elementor-element elementor-element-7828158f elementor-widget elementor-widget-heading\" data-id=\"7828158f\" data-element_type=\"widget\" data-widget_type=\"heading.default\">\n\t\t\t\t<div class=\"elementor-widget-container\">\n\t\t\t<h5 class=\"elementor-heading-title elementor-size-default\">Qualit\u00e9 sup\u00e9rieure\n<\/h5>\t\t<\/div>\n\t\t\t\t<\/div>\n\t\t\t\t<div class=\"elementor-element elementor-element-6c18ab7f elementor-widget elementor-widget-text-editor\" data-id=\"6c18ab7f\" data-element_type=\"widget\" data-widget_type=\"text-editor.default\">\n\t\t\t\t<div class=\"elementor-widget-container\">\n\t\t\t\t\t\t\t<p>Nous nous engageons \u00e0 fournir des services de r\u00e9novation et de construction de la plus haute qualit\u00e9, en utilisant des mat\u00e9riaux durables et en respectant les normes de s\u00e9curit\u00e9.<\/p>\t\t\t\t\t\t<\/div>\n\t\t\t\t<\/div>\n\t\t\t\t\t<\/div>\n\t\t<\/div>\n\t\t\t\t<div class=\"elementor-column elementor-col-33 elementor-top-column elementor-element elementor-element-65845275\" data-id=\"65845275\" data-element_type=\"column\" data-settings=\"{&quot;background_background&quot;:&quot;classic&quot;}\">\n\t\t\t<div class=\"elementor-widget-wrap elementor-element-populated\">\n\t\t\t\t\t\t\t\t<div class=\"elementor-element elementor-element-30e256d elementor-widget elementor-widget-image\" data-id=\"30e256d\" data-element_type=\"widget\" data-widget_type=\"image.default\">\n\t\t\t\t<div class=\"elementor-widget-container\">\n\t\t\t\t\t\t\t\t\t\t\t\t\t\t\t<img loading=\"lazy\" decoding=\"async\" width=\"1200\" height=\"666\" src=\"https:\/\/kbrenovsarl.ch\/wp-content\/uploads\/2023\/09\/PHOTO2.jpg\" class=\"attachment-full size-full wp-image-518\" alt=\"\" srcset=\"https:\/\/kbrenovsarl.ch\/wp-content\/uploads\/2023\/09\/PHOTO2.jpg 1200w, https:\/\/kbrenovsarl.ch\/wp-content\/uploads\/2023\/09\/PHOTO2-300x167.jpg 300w, https:\/\/kbrenovsarl.ch\/wp-content\/uploads\/2023\/09\/PHOTO2-1024x568.jpg 1024w, https:\/\/kbrenovsarl.ch\/wp-content\/uploads\/2023\/09\/PHOTO2-768x426.jpg 768w\" sizes=\"auto, (max-width: 1200px) 100vw, 1200px\" \/>\t\t\t\t\t\t\t\t\t\t\t\t\t\t\t<\/div>\n\t\t\t\t<\/div>\n\t\t\t\t<div class=\"elementor-element elementor-element-22d496dd elementor-widget elementor-widget-heading\" data-id=\"22d496dd\" data-element_type=\"widget\" data-widget_type=\"heading.default\">\n\t\t\t\t<div class=\"elementor-widget-container\">\n\t\t\t<h5 class=\"elementor-heading-title elementor-size-default\">Service client exceptionnel\n<\/h5>\t\t<\/div>\n\t\t\t\t<\/div>\n\t\t\t\t<div class=\"elementor-element elementor-element-18ccd623 elementor-widget elementor-widget-text-editor\" data-id=\"18ccd623\" data-element_type=\"widget\" data-widget_type=\"text-editor.default\">\n\t\t\t\t<div class=\"elementor-widget-container\">\n\t\t\t\t\t\t\t<p>Nous accordons une grande importance \u00e0 la satisfaction de nos clients. Notre \u00e9quipe est d\u00e9vou\u00e9e \u00e0 fournir un service client exceptionnel, en r\u00e9pondant \u00e0 vos besoins et en vous accompagnant tout au long du processus.<\/p>\t\t\t\t\t\t<\/div>\n\t\t\t\t<\/div>\n\t\t\t\t\t<\/div>\n\t\t<\/div>\n\t\t\t\t<div class=\"elementor-column elementor-col-33 elementor-top-column elementor-element elementor-element-71d59e01\" data-id=\"71d59e01\" data-element_type=\"column\" data-settings=\"{&quot;background_background&quot;:&quot;classic&quot;}\">\n\t\t\t<div class=\"elementor-widget-wrap elementor-element-populated\">\n\t\t\t\t\t\t\t\t<div class=\"elementor-element elementor-element-2625dbe elementor-widget elementor-widget-image\" data-id=\"2625dbe\" data-element_type=\"widget\" data-widget_type=\"image.default\">\n\t\t\t\t<div class=\"elementor-widget-container\">\n\t\t\t\t\t\t\t\t\t\t\t\t\t\t\t<img loading=\"lazy\" decoding=\"async\" width=\"1342\" height=\"1792\" src=\"https:\/\/kbrenovsarl.ch\/wp-content\/uploads\/2023\/09\/PHOTO-2023-01-23-22-56-00.jpg\" class=\"attachment-full size-full wp-image-178\" alt=\"\" srcset=\"https:\/\/kbrenovsarl.ch\/wp-content\/uploads\/2023\/09\/PHOTO-2023-01-23-22-56-00.jpg 1342w, https:\/\/kbrenovsarl.ch\/wp-content\/uploads\/2023\/09\/PHOTO-2023-01-23-22-56-00-225x300.jpg 225w, https:\/\/kbrenovsarl.ch\/wp-content\/uploads\/2023\/09\/PHOTO-2023-01-23-22-56-00-767x1024.jpg 767w, https:\/\/kbrenovsarl.ch\/wp-content\/uploads\/2023\/09\/PHOTO-2023-01-23-22-56-00-768x1026.jpg 768w, https:\/\/kbrenovsarl.ch\/wp-content\/uploads\/2023\/09\/PHOTO-2023-01-23-22-56-00-1150x1536.jpg 1150w\" sizes=\"auto, (max-width: 1342px) 100vw, 1342px\" \/>\t\t\t\t\t\t\t\t\t\t\t\t\t\t\t<\/div>\n\t\t\t\t<\/div>\n\t\t\t\t<div class=\"elementor-element elementor-element-6b714201 elementor-widget elementor-widget-heading\" data-id=\"6b714201\" data-element_type=\"widget\" data-widget_type=\"heading.default\">\n\t\t\t\t<div class=\"elementor-widget-container\">\n\t\t\t<h5 class=\"elementor-heading-title elementor-size-default\">Expertise professionnelle\n<\/h5>\t\t<\/div>\n\t\t\t\t<\/div>\n\t\t\t\t<div class=\"elementor-element elementor-element-65add566 elementor-widget elementor-widget-text-editor\" data-id=\"65add566\" data-element_type=\"widget\" data-widget_type=\"text-editor.default\">\n\t\t\t\t<div class=\"elementor-widget-container\">\n\t\t\t\t\t\t\t<p>Avec des ann\u00e9es d&#8217;exp\u00e9rience dans le domaine de la r\u00e9novation et de la construction, notre \u00e9quipe poss\u00e8de l&#8217;expertise n\u00e9cessaire pour mener \u00e0 bien tous vos projets. Nous travaillons avec pr\u00e9cision et efficacit\u00e9 pour vous offrir des r\u00e9sultats de qualit\u00e9.<\/p>\t\t\t\t\t\t<\/div>\n\t\t\t\t<\/div>\n\t\t\t\t\t<\/div>\n\t\t<\/div>\n\t\t\t\t\t\t\t<\/div>\n\t\t<\/section>\n\t\t\t\t<section class=\"elementor-section elementor-top-section elementor-element elementor-element-c90226f elementor-section-full_width elementor-section-height-default elementor-section-height-default\" data-id=\"c90226f\" data-element_type=\"section\">\n\t\t\t\t\t\t<div class=\"elementor-container elementor-column-gap-default\">\n\t\t\t\t\t<div class=\"elementor-column elementor-col-100 elementor-top-column elementor-element elementor-element-dfe20e3\" data-id=\"dfe20e3\" data-element_type=\"column\">\n\t\t\t<div class=\"elementor-widget-wrap elementor-element-populated\">\n\t\t\t\t\t\t\t\t<section class=\"elementor-section elementor-inner-section elementor-element elementor-element-3faf10c elementor-section-full_width elementor-section-height-default elementor-section-height-default\" data-id=\"3faf10c\" data-element_type=\"section\">\n\t\t\t\t\t\t<div class=\"elementor-container elementor-column-gap-default\">\n\t\t\t\t\t<div class=\"elementor-column elementor-col-50 elementor-inner-column elementor-element elementor-element-c854bf3\" data-id=\"c854bf3\" data-element_type=\"column\" data-settings=\"{&quot;background_background&quot;:&quot;classic&quot;}\">\n\t\t\t<div class=\"elementor-widget-wrap\">\n\t\t\t\t\t\t\t\t\t<\/div>\n\t\t<\/div>\n\t\t\t\t<div class=\"elementor-column elementor-col-50 elementor-inner-column elementor-element elementor-element-9474d4e\" data-id=\"9474d4e\" data-element_type=\"column\" data-settings=\"{&quot;background_background&quot;:&quot;classic&quot;}\">\n\t\t\t<div class=\"elementor-widget-wrap elementor-element-populated\">\n\t\t\t\t\t\t\t\t<div class=\"elementor-element elementor-element-77714d0 elementor-widget elementor-widget-heading\" data-id=\"77714d0\" data-element_type=\"widget\" data-widget_type=\"heading.default\">\n\t\t\t\t<div class=\"elementor-widget-container\">\n\t\t\t<h2 class=\"elementor-heading-title elementor-size-default\">Vous venez de r\u00e9aliser l\u2019acquisition d\u2019un appartement \u00e0 Gen\u00e8ve ?<\/h2>\t\t<\/div>\n\t\t\t\t<\/div>\n\t\t\t\t<div class=\"elementor-element elementor-element-aa8d032 elementor-widget elementor-widget-text-editor\" data-id=\"aa8d032\" data-element_type=\"widget\" data-widget_type=\"text-editor.default\">\n\t\t\t\t<div class=\"elementor-widget-container\">\n\t\t\t\t\t\t\t<p>Qu\u2019il s\u2019agit de votre r\u00e9sidence principale ou d\u2019un bien locatif, nous r\u00e9alisons pour vous tous les travaux n\u00e9cessaires \u00e0 la r\u00e9novation de votre appartement. Afin de vous accompagner sur la r\u00e9novation int\u00e9grale de votre appartement, nous nous mettons \u00e0 votre disposition nos peintres, \u00e9lectriciens, plombiers, carreleurs, menuisiers et plaquiste.<\/p>\t\t\t\t\t\t<\/div>\n\t\t\t\t<\/div>\n\t\t\t\t<div class=\"elementor-element elementor-element-bd08b00 elementor-widget elementor-widget-button\" data-id=\"bd08b00\" data-element_type=\"widget\" data-widget_type=\"button.default\">\n\t\t\t\t<div class=\"elementor-widget-container\">\n\t\t\t\t\t<div class=\"elementor-button-wrapper\">\n\t\t\t<a class=\"elementor-button elementor-button-link elementor-size-sm\" href=\"tel:+41%2076%20620%2089%2004\">\n\t\t\t\t\t\t<span class=\"elementor-button-content-wrapper\">\n\t\t\t\t\t\t<span class=\"elementor-button-text\">+41 76 620 89 04<\/span>\n\t\t<\/span>\n\t\t\t\t\t<\/a>\n\t\t<\/div>\n\t\t\t\t<\/div>\n\t\t\t\t<\/div>\n\t\t\t\t\t<\/div>\n\t\t<\/div>\n\t\t\t\t\t\t\t<\/div>\n\t\t<\/section>\n\t\t\t\t\t<\/div>\n\t\t<\/div>\n\t\t\t\t\t\t\t<\/div>\n\t\t<\/section>\n\t\t\t\t\t\t\t<\/div>\n\t\t","protected":false},"excerpt":{"rendered":"<p>\u00c0 propos de nous VOTRE SP\u00c9CIALISTE EN R\u00c9NOVATION DANS VOTRE REGION \u00c0 propos de KB RENOV KB Renov , et une entreprise de r\u00e9novation maison, appartement et chalet Gagnez du temps et de l\u2019argent en faisant appel aux experts KB Renov Sarl , votre interlocuteur par excellence pour la r\u00e9novation de votre maison. Depuis 2020, [&hellip;]<\/p>\n","protected":false},"author":1,"featured_media":0,"parent":0,"menu_order":0,"comment_status":"closed","ping_status":"closed","template":"","meta":{"footnotes":""},"class_list":["post-8","page","type-page","status-publish","hentry"],"_links":{"self":[{"href":"https:\/\/kbrenovsarl.ch\/index.php\/wp-json\/wp\/v2\/pages\/8","targetHints":{"allow":["GET"]}}],"collection":[{"href":"https:\/\/kbrenovsarl.ch\/index.php\/wp-json\/wp\/v2\/pages"}],"about":[{"href":"https:\/\/kbrenovsarl.ch\/index.php\/wp-json\/wp\/v2\/types\/page"}],"author":[{"embeddable":true,"href":"https:\/\/kbrenovsarl.ch\/index.php\/wp-json\/wp\/v2\/users\/1"}],"replies":[{"embeddable":true,"href":"https:\/\/kbrenovsarl.ch\/index.php\/wp-json\/wp\/v2\/comments?post=8"}],"version-history":[{"count":60,"href":"https:\/\/kbrenovsarl.ch\/index.php\/wp-json\/wp\/v2\/pages\/8\/revisions"}],"predecessor-version":[{"id":521,"href":"https:\/\/kbrenovsarl.ch\/index.php\/wp-json\/wp\/v2\/pages\/8\/revisions\/521"}],"wp:attachment":[{"href":"https:\/\/kbrenovsarl.ch\/index.php\/wp-json\/wp\/v2\/media?parent=8"}],"curies":[{"name":"wp","href":"https:\/\/api.w.org\/{rel}","templated":true}]}}